{"id":2009,"date":"2019-08-02T05:39:36","date_gmt":"2019-08-02T05:39:36","guid":{"rendered":"https:\/\/www.joshuadhondt.be\/albums\/"},"modified":"2020-08-21T09:14:01","modified_gmt":"2020-08-21T09:14:01","slug":"albums-photo","status":"publish","type":"page","link":"https:\/\/www.joshuadhondt.be\/en\/albums-photo\/","title":{"rendered":"ALBUMS PHOTO"},"content":{"rendered":"","protected":false},"excerpt":{"rendered":"","protected":false},"author":1,"featured_media":0,"parent":0,"menu_order":0,"comment_status":"closed","ping_status":"closed","template":"","meta":[],"yoast_head":"<!-- This site is optimized with the Yoast SEO plugin v16.2 - https:\/\/yoast.com\/wordpress\/plugins\/seo\/ -->\n<title>ALBUMS PHOTO &ndash; Joshua D&#039;hondt Photographe de Famille et de Mariage<\/title>\n<meta name=\"description\" content=\"Des albums photos imprim\u00e9s et reli\u00e9s avec expertise. D\u00e9couvrez les diverses possibilit\u00e9s de finition chez Joshua D&#039;hondt!\" \/>\n<meta name=\"robots\" content=\"index, follow, max-snippet:-1, max-image-preview:large, max-video-preview:-1\" \/>\n<link rel=\"canonical\" href=\"https:\/\/www.joshuadhondt.be\/en\/albums-photo\/\" \/>\n<meta property=\"og:locale\" content=\"en_US\" \/>\n<meta property=\"og:type\" content=\"article\" \/>\n<meta property=\"og:title\" content=\"ALBUMS PHOTO &ndash; Joshua D&#039;hondt Photographe de Famille et de Mariage\" \/>\n<meta property=\"og:description\" content=\"Des albums photos imprim\u00e9s et reli\u00e9s avec expertise. D\u00e9couvrez les diverses possibilit\u00e9s de finition chez Joshua D&#039;hondt!\" \/>\n<meta property=\"og:url\" content=\"https:\/\/www.joshuadhondt.be\/en\/albums-photo\/\" \/>\n<meta property=\"og:site_name\" content=\"Joshua D&#039;hondt Fotografie\" \/>\n<meta property=\"article:modified_time\" content=\"2020-08-21T09:14:01+00:00\" \/>\n<meta name=\"twitter:card\" content=\"summary_large_image\" \/>\n<script type=\"application\/ld+json\" class=\"yoast-schema-graph\">{\"@context\":\"https:\/\/schema.org\",\"@graph\":[{\"@type\":\"WebSite\",\"@id\":\"https:\/\/www.joshuadhondt.be\/#website\",\"url\":\"https:\/\/www.joshuadhondt.be\/\",\"name\":\"Joshua D&#039;hondt Fotografie\",\"description\":\"Familie- en afscheidsfotografie\",\"potentialAction\":[{\"@type\":\"SearchAction\",\"target\":\"https:\/\/www.joshuadhondt.be\/?s={search_term_string}\",\"query-input\":\"required name=search_term_string\"}],\"inLanguage\":\"en-US\"},{\"@type\":\"WebPage\",\"@id\":\"https:\/\/www.joshuadhondt.be\/en\/albums-photo\/#webpage\",\"url\":\"https:\/\/www.joshuadhondt.be\/en\/albums-photo\/\",\"name\":\"ALBUMS PHOTO &ndash; Joshua D'hondt Photographe de Famille et de Mariage\",\"isPartOf\":{\"@id\":\"https:\/\/www.joshuadhondt.be\/#website\"},\"datePublished\":\"2019-08-02T05:39:36+00:00\",\"dateModified\":\"2020-08-21T09:14:01+00:00\",\"description\":\"Des albums photos imprim\\u00e9s et reli\\u00e9s avec expertise. D\\u00e9couvrez les diverses possibilit\\u00e9s de finition chez Joshua D'hondt!\",\"breadcrumb\":{\"@id\":\"https:\/\/www.joshuadhondt.be\/en\/albums-photo\/#breadcrumb\"},\"inLanguage\":\"en-US\",\"potentialAction\":[{\"@type\":\"ReadAction\",\"target\":[\"https:\/\/www.joshuadhondt.be\/en\/albums-photo\/\"]}]},{\"@type\":\"BreadcrumbList\",\"@id\":\"https:\/\/www.joshuadhondt.be\/en\/albums-photo\/#breadcrumb\",\"itemListElement\":[{\"@type\":\"ListItem\",\"position\":1,\"item\":{\"@type\":\"WebPage\",\"@id\":\"https:\/\/www.joshuadhondt.be\/en\/\",\"url\":\"https:\/\/www.joshuadhondt.be\/en\/\",\"name\":\"Home\"}},{\"@type\":\"ListItem\",\"position\":2,\"item\":{\"@id\":\"https:\/\/www.joshuadhondt.be\/en\/albums-photo\/#webpage\"}}]}]}<\/script>\n<!-- \/ Yoast SEO plugin. -->","_links":{"self":[{"href":"https:\/\/www.joshuadhondt.be\/en\/wp-json\/wp\/v2\/pages\/2009"}],"collection":[{"href":"https:\/\/www.joshuadhondt.be\/en\/wp-json\/wp\/v2\/pages"}],"about":[{"href":"https:\/\/www.joshuadhondt.be\/en\/wp-json\/wp\/v2\/types\/page"}],"author":[{"embeddable":true,"href":"https:\/\/www.joshuadhondt.be\/en\/wp-json\/wp\/v2\/users\/1"}],"replies":[{"embeddable":true,"href":"https:\/\/www.joshuadhondt.be\/en\/wp-json\/wp\/v2\/comments?post=2009"}],"version-history":[{"count":4,"href":"https:\/\/www.joshuadhondt.be\/en\/wp-json\/wp\/v2\/pages\/2009\/revisions"}],"predecessor-version":[{"id":2355,"href":"https:\/\/www.joshuadhondt.be\/en\/wp-json\/wp\/v2\/pages\/2009\/revisions\/2355"}],"wp:attachment":[{"href":"https:\/\/www.joshuadhondt.be\/en\/wp-json\/wp\/v2\/media?parent=2009"}],"curies":[{"name":"wp","href":"https:\/\/api.w.org\/{rel}","templated":true}]}}